{"id":5135,"date":"2023-04-13T17:18:34","date_gmt":"2023-04-13T15:18:34","guid":{"rendered":"http:\/\/localhost\/jamd\/?page_id=5135"},"modified":"2023-05-11T10:38:15","modified_gmt":"2023-05-11T08:38:15","slug":"privacy-policy","status":"publish","type":"page","link":"https:\/\/jamd.it\/en\/privacy-policy\/","title":{"rendered":"Privacy policy"},"content":{"rendered":"<div data-elementor-type=\"wp-page\" data-elementor-id=\"5135\" class=\"elementor elementor-5135\">\n\t\t\t\t\t\t\t\t\t<section class=\"elementor-section elementor-top-section elementor-element elementor-element-d65392e elementor-section-full_width elementor-section-height-default elementor-section-height-default\" data-id=\"d65392e\" data-element_type=\"section\">\n\t\t\t\t\t\t<div class=\"elementor-container elementor-column-gap-default\">\n\t\t\t\t\t<div class=\"elementor-column elementor-col-25 elementor-top-column elementor-element elementor-element-0053687\" data-id=\"0053687\" data-element_type=\"column\">\n\t\t\t<div class=\"elementor-widget-wrap\">\n\t\t\t\t\t\t\t\t\t<\/div>\n\t\t<\/div>\n\t\t\t\t<div class=\"elementor-column elementor-col-50 elementor-top-column elementor-element elementor-element-d7f9fe0\" data-id=\"d7f9fe0\" data-element_type=\"column\">\n\t\t\t<div class=\"elementor-widget-wrap elementor-element-populated\">\n\t\t\t\t\t\t\t\t<div class=\"elementor-element elementor-element-f1bd6c4 elementor-widget elementor-widget-heading\" data-id=\"f1bd6c4\" data-element_type=\"widget\" data-widget_type=\"heading.default\">\n\t\t\t\t<div class=\"elementor-widget-container\">\n\t\t\t<style>\/*! elementor - v3.13.1 - 09-05-2023 *\/\n.elementor-heading-title{padding:0;margin:0;line-height:1}.elementor-widget-heading .elementor-heading-title[class*=elementor-size-]>a{color:inherit;font-size:inherit;line-height:inherit}.elementor-widget-heading .elementor-heading-title.elementor-size-small{font-size:15px}.elementor-widget-heading .elementor-heading-title.elementor-size-medium{font-size:19px}.elementor-widget-heading .elementor-heading-title.elementor-size-large{font-size:29px}.elementor-widget-heading .elementor-heading-title.elementor-size-xl{font-size:39px}.elementor-widget-heading .elementor-heading-title.elementor-size-xxl{font-size:59px}<\/style><h1 class=\"elementor-heading-title elementor-size-default\">\nInformativa sulla privacy e sulle condizioni d\u2019uso<\/h1>\t\t<\/div>\n\t\t\t\t<\/div>\n\t\t\t\t<div class=\"elementor-element elementor-element-53d406e elementor-widget elementor-widget-heading\" data-id=\"53d406e\" data-element_type=\"widget\" data-widget_type=\"heading.default\">\n\t\t\t\t<div class=\"elementor-widget-container\">\n\t\t\t<h2 class=\"elementor-heading-title elementor-size-default\">Privacy<\/h2>\t\t<\/div>\n\t\t\t\t<\/div>\n\t\t\t\t<div class=\"elementor-element elementor-element-d5b98ce elementor-widget elementor-widget-text-editor\" data-id=\"d5b98ce\" data-element_type=\"widget\" data-widget_type=\"text-editor.default\">\n\t\t\t\t<div class=\"elementor-widget-container\">\n\t\t\t<style>\/*! elementor - v3.13.1 - 09-05-2023 *\/\n.elementor-widget-text-editor.elementor-drop-cap-view-stacked .elementor-drop-cap{background-color:#69727d;color:#fff}.elementor-widget-text-editor.elementor-drop-cap-view-framed .elementor-drop-cap{color:#69727d;border:3px solid;background-color:transparent}.elementor-widget-text-editor:not(.elementor-drop-cap-view-default) .elementor-drop-cap{margin-top:8px}.elementor-widget-text-editor:not(.elementor-drop-cap-view-default) .elementor-drop-cap-letter{width:1em;height:1em}.elementor-widget-text-editor .elementor-drop-cap{float:left;text-align:center;line-height:1;font-size:50px}.elementor-widget-text-editor .elementor-drop-cap-letter{display:inline-block}<\/style>\t\t\t\t<p>Ai sensi della normativa sulla Tutela dei dati personali (in conformit\u00e0 al D. Lgs. 196\/2003 in vigore dal 1\u00b0 gennaio 2004) si informa l\u2019Utente che il presente sito non contempla alcuna registrazione di dati personali dell\u2019utente. I dati di accesso al sito, che \u00e8 di informazione e divulgazione medico-scientifica, sono dunque di natura del tutto anonima e potranno essere trattati dall\u2019Associazione Medici Diabetologi (AMD \u2013 sede legale e operativa: viale delle Milizie, 96 \u2013 00192 Roma) e, per conto di AMD, da Infomedica (sede legale e operativa via San Quintino, 36 \u2013 10121 Torino). Il trattamento di tali dati consiste nelle seguenti operazioni: raccolta, registrazione, organizzazione, conservazione, elaborazione, modificazione, selezione, estrazione, raffronto, utilizzo, interconnessione, blocco, comunicazione, diffusione, cancellazione e distruzione dei medesimi dati, compresa la combinazione di due o pi\u00f9 delle suddette operazioni. Tali dati saranno protetti, gestiti elettronicamente e potranno essere da AMD e Infomedica utilizzati con le seguenti finalit\u00e0:<\/p>\t\t\t\t\t\t<\/div>\n\t\t\t\t<\/div>\n\t\t\t\t<div class=\"elementor-element elementor-element-4348c98 elementor-widget elementor-widget-text-editor\" data-id=\"4348c98\" data-element_type=\"widget\" data-widget_type=\"text-editor.default\">\n\t\t\t\t<div class=\"elementor-widget-container\">\n\t\t\t\t\t\t\t<ul>\n<li>per valutare i flussi di accesso all\u2019informazione medico-scientifica proposta;<\/li>\n<li>per rilevazioni di tipo statistico onde verificare l\u2019accesso ai contenuti a questo sito;<\/li>\n<li>per comunicazioni in merito a iniziative promosse da AMD e\/o Infomedica.<\/li>\n<\/ul>\t\t\t\t\t\t<\/div>\n\t\t\t\t<\/div>\n\t\t\t\t<div class=\"elementor-element elementor-element-4d8263b elementor-widget elementor-widget-text-editor\" data-id=\"4d8263b\" data-element_type=\"widget\" data-widget_type=\"text-editor.default\">\n\t\t\t\t<div class=\"elementor-widget-container\">\n\t\t\t\t\t\t\t<p>I dati anonimi saranno conservati per un periodo di tempo non superiore a quello necessario agli scopi per i quali sono stati raccolti o successivamente trattati, conformemente a quanto previsto dagli obblighi di legge.<br \/>Ai sensi dell\u2019art. 7 del d.lgs. 196\/2003, l\u2019Utente dispone sempre e comunque dei diritti da quello previsti e potr\u00e0 comunque rivolgersi a:<\/p>\t\t\t\t\t\t<\/div>\n\t\t\t\t<\/div>\n\t\t\t\t<div class=\"elementor-element elementor-element-58b95ea elementor-widget elementor-widget-text-editor\" data-id=\"58b95ea\" data-element_type=\"widget\" data-widget_type=\"text-editor.default\">\n\t\t\t\t<div class=\"elementor-widget-container\">\n\t\t\t\t\t\t\t<ul><li>AMD, viale delle Milizie, 96 \u2013 00192 Roma<\/li><li>all\u2019attenzione del Delegato del trattamento dati personali.<\/li><\/ul>\t\t\t\t\t\t<\/div>\n\t\t\t\t<\/div>\n\t\t\t\t<div class=\"elementor-element elementor-element-2f29a67 elementor-widget-divider--view-line elementor-widget elementor-widget-divider\" data-id=\"2f29a67\" data-element_type=\"widget\" data-widget_type=\"divider.default\">\n\t\t\t\t<div class=\"elementor-widget-container\">\n\t\t\t<style>\/*! elementor - v3.13.1 - 09-05-2023 *\/\n.elementor-widget-divider{--divider-border-style:none;--divider-border-width:1px;--divider-color:#0c0d0e;--divider-icon-size:20px;--divider-element-spacing:10px;--divider-pattern-height:24px;--divider-pattern-size:20px;--divider-pattern-url:none;--divider-pattern-repeat:repeat-x}.elementor-widget-divider .elementor-divider{display:flex}.elementor-widget-divider .elementor-divider__text{font-size:15px;line-height:1;max-width:95%}.elementor-widget-divider .elementor-divider__element{margin:0 var(--divider-element-spacing);flex-shrink:0}.elementor-widget-divider .elementor-icon{font-size:var(--divider-icon-size)}.elementor-widget-divider .elementor-divider-separator{display:flex;margin:0;direction:ltr}.elementor-widget-divider--view-line_icon .elementor-divider-separator,.elementor-widget-divider--view-line_text .elementor-divider-separator{align-items:center}.elementor-widget-divider--view-line_icon .elementor-divider-separator:after,.elementor-widget-divider--view-line_icon .elementor-divider-separator:before,.elementor-widget-divider--view-line_text .elementor-divider-separator:after,.elementor-widget-divider--view-line_text .elementor-divider-separator:before{display:block;content:\"\";border-bottom:0;flex-grow:1;border-top:var(--divider-border-width) var(--divider-border-style) var(--divider-color)}.elementor-widget-divider--element-align-left .elementor-divider .elementor-divider-separator>.elementor-divider__svg:first-of-type{flex-grow:0;flex-shrink:100}.elementor-widget-divider--element-align-left .elementor-divider-separator:before{content:none}.elementor-widget-divider--element-align-left .elementor-divider__element{margin-left:0}.elementor-widget-divider--element-align-right .elementor-divider .elementor-divider-separator>.elementor-divider__svg:last-of-type{flex-grow:0;flex-shrink:100}.elementor-widget-divider--element-align-right .elementor-divider-separator:after{content:none}.elementor-widget-divider--element-align-right .elementor-divider__element{margin-right:0}.elementor-widget-divider:not(.elementor-widget-divider--view-line_text):not(.elementor-widget-divider--view-line_icon) .elementor-divider-separator{border-top:var(--divider-border-width) var(--divider-border-style) var(--divider-color)}.elementor-widget-divider--separator-type-pattern{--divider-border-style:none}.elementor-widget-divider--separator-type-pattern.elementor-widget-divider--view-line .elementor-divider-separator,.elementor-widget-divider--separator-type-pattern:not(.elementor-widget-divider--view-line) .elementor-divider-separator:after,.elementor-widget-divider--separator-type-pattern:not(.elementor-widget-divider--view-line) .elementor-divider-separator:before,.elementor-widget-divider--separator-type-pattern:not([class*=elementor-widget-divider--view]) .elementor-divider-separator{width:100%;min-height:var(--divider-pattern-height);-webkit-mask-size:var(--divider-pattern-size) 100%;mask-size:var(--divider-pattern-size) 100%;-webkit-mask-repeat:var(--divider-pattern-repeat);mask-repeat:var(--divider-pattern-repeat);background-color:var(--divider-color);-webkit-mask-image:var(--divider-pattern-url);mask-image:var(--divider-pattern-url)}.elementor-widget-divider--no-spacing{--divider-pattern-size:auto}.elementor-widget-divider--bg-round{--divider-pattern-repeat:round}.rtl .elementor-widget-divider .elementor-divider__text{direction:rtl}.e-con-inner>.elementor-widget-divider,.e-con>.elementor-widget-divider{width:var(--container-widget-width,100%);--flex-grow:var(--container-widget-flex-grow)}<\/style>\t\t<div class=\"elementor-divider\">\n\t\t\t<span class=\"elementor-divider-separator\">\n\t\t\t\t\t\t<\/span>\n\t\t<\/div>\n\t\t\t\t<\/div>\n\t\t\t\t<\/div>\n\t\t\t\t<div class=\"elementor-element elementor-element-f1b4530 elementor-widget elementor-widget-heading\" data-id=\"f1b4530\" data-element_type=\"widget\" data-widget_type=\"heading.default\">\n\t\t\t\t<div class=\"elementor-widget-container\">\n\t\t\t<h2 class=\"elementor-heading-title elementor-size-default\">Termini e condizioni d\u2019uso<\/h2>\t\t<\/div>\n\t\t\t\t<\/div>\n\t\t\t\t<div class=\"elementor-element elementor-element-4be5932 elementor-widget elementor-widget-text-editor\" data-id=\"4be5932\" data-element_type=\"widget\" data-widget_type=\"text-editor.default\">\n\t\t\t\t<div class=\"elementor-widget-container\">\n\t\t\t\t\t\t\t<p><strong>Accettazione delle condizioni<\/strong><br \/>Questo website \u00e8 fornito, per conto di AMD, da Infomedica, provider ECM accreditato (accreditamento standard n. 3), ed \u00e8 regolato in base alle seguenti Condizioni Generali di Utilizzo del Servizio (\u201cCGUS\u201d). Infomedica si riserva il diritto di modificare in qualunque momento e senza preavviso le CGUS, dandone comunque tempestiva informazione agli utenti interessati.<\/p><p><strong>Descrizione del servizio<\/strong><br \/>Questo website \u00e8 un servizio di informazione e divulgazione medico-scientifica (Servizio), realizzato da una apposita redazione e vagliato scientificamente. L\u2019accesso al sito \u00e8 destinato a un\u2019utenza (Utente) con interessi per la salute, in particolare la patologia diabetica. Salvo espressa disposizione contraria, l\u2019introduzione di una qualsiasi modifica al Servizio che lo renda diversamente fruibile rispetto alla sua forma attuale, come pure il lancio di nuovi servizi, sar\u00e0 soggetto, e pertanto sar\u00e0 regolato, dalle CGUS. L\u2019Utente riconosce e concorda che il Servizio \u00e8 fornito \u201ccos\u00ec com\u2019\u00e8\u201d e \u201ccome disponibile\u201d, e che pertanto Infomedica non assume alcuna responsabilit\u00e0 riguardo alla sua fruizione e disponibilit\u00e0. Al fine di poter utilizzare il Servizio ogni Utente dovr\u00e0 dotarsi, a proprie spese, di un accesso al World Wide Web e dell\u2019attrezzatura necessaria per la connessione allo stesso. AMD e Infomedica in nessun caso forniscono agli Utenti connessioni al World Wide Web e\/o l\u2019attrezzatura necessaria. Eventuali malfunzionamenti delle dotazioni hardware e software utilizzati dall\u2019Utente, come pure presenza di virus informatici, malware, trojan ecc. non potranno in nessun caso essere attribuibili ad AMD e\/o Infomedica o a eventuali soggetti terzi coinvolti per la realizzazione del Servizio.<\/p><p><strong>Diritti di propriet\u00e0<\/strong> <br \/>L\u2019Utente che utilizza il Servizio riconosce, conviene e concorda che i contenuti dello stesso (testi, tabelle, grafici, audiovideo e quant\u2019altro) sono protetti dalle leggi internazionali e nazionali in materia di propriet\u00e0 intellettuale e\/o industriale. Fatta eccezione per il caso in cui sia espressamente autorizzato da AMD e\/o Infomedica (in quanto detentori dei diritti sui materiali che costituiscono il Servizio), l\u2019Utente si impegna a non modificare o disporre in qualsiasi modo (sia a titolo gratuito sia a titolo oneroso) e a non distribuire, diffondere o creare lavori basati, integralmente o parzialmente, utilizzando i contenuti di cui sopra. L\u2019Utente potr\u00e0 utilizzare i contenuti solo per scopi e finalit\u00e0 legale all\u2019informazione medico-scientifica.<\/p><p><strong>Limitazione di responsabilit\u00e0<\/strong> <br \/>I servizi offerti dal Servizio sono realizzati e controllati con la massima accuratezza possibile. Infomedica non potr\u00e0 essere ritenuta responsabile di eventuali errori o malfunzionamenti e per i danni, diretti e indiretti, che da essi possano derivare. I contenuti proposti riflettono i punti di vista e le esperienze dei singoli Autori e non necessariamente quelli di AMD o di Infomedica o di eventuali altri soggetti terzi coinvolti a vario titolo nella realizzazione del Sevizio. Ogni eventuale prodotto, dispositivo o tecnica medicale eventualmente menzionati non vanno considerati come indicazione terapeutica ma solo e unicamente come informazione e divulgazione scientifica, tanto pi\u00f9 se essi non sono ancora stati approvati dalle competenti autorit\u00e0 per i fini dichiarati. Si rammenta che ogni prodotto o dispositivo eventualmente citato deve essere usato in accordo con relativi Riassunti delle Caratteristiche del Prodotto forniti dalle aziende produttrici.<\/p><p>AMD e Infomedica non possono essere in alcun modo e per alcuna ragione essere ritenuti responsabile per eventuali danni o negligenze nei confronti di persone o cose derivanti da un uso del Servizio o dei contenuti offerti dal Servizio diversi da quello qui esplicato, che \u00e8 e rimane di carattere unicamente informativo e divulgativo e non direttamente terapeutico, e che non va inteso come possibile sostituzione dell\u2019azione diretta del medico curante.<\/p><p>L\u2019informazione e la divulgazione medico-scientifica proposta dal Servizio \u00e8 conforme agli standard deontologici del settore.<\/p><p><strong>Accettazione delle condizioni e dei termini<br \/><\/strong>L\u2019accesso al Servizio e l\u2019utilizzo del Servizio comporta l\u2019integrale accettazione delle Condizioni Generali di Utilizzo del Servizio (\u201cCGUS\u201d) sopra indicate.<\/p><p><strong>Assistenza utenti<br \/><\/strong>Infomedica ha attivato, all\u2019indirizzo di posta info@infomedica.com, un Servizio di assistenza preposto a fornire assistenza agli utenti e a raccogliere eventuali notifiche relative a qualsivoglia violazione delle norme vigenti nell\u2019utilizzo del Servizio riscontrate dall\u2019Utente durante l\u2019erogazione dello stesso.<\/p><p>\u00a0<\/p>\t\t\t\t\t\t<\/div>\n\t\t\t\t<\/div>\n\t\t\t\t\t<\/div>\n\t\t<\/div>\n\t\t\t\t<div class=\"elementor-column elementor-col-25 elementor-top-column elementor-element elementor-element-0cecf16\" data-id=\"0cecf16\" data-element_type=\"column\">\n\t\t\t<div class=\"elementor-widget-wrap\">\n\t\t\t\t\t\t\t\t\t<\/div>\n\t\t<\/div>\n\t\t\t\t\t\t\t<\/div>\n\t\t<\/section>\n\t\t\t\t\t\t\t<\/div>","protected":false},"excerpt":{"rendered":"<p>Informativa sulla privacy e sulle condizioni d\u2019uso Privacy Ai sensi&#8230;<\/p>","protected":false},"author":1,"featured_media":0,"parent":0,"menu_order":0,"comment_status":"closed","ping_status":"closed","template":"elementor_header_footer","meta":{"footnotes":""},"class_list":["post-5135","page","type-page","status-publish","hentry"],"acf":[],"_links":{"self":[{"href":"https:\/\/jamd.it\/en\/wp-json\/wp\/v2\/pages\/5135","targetHints":{"allow":["GET"]}}],"collection":[{"href":"https:\/\/jamd.it\/en\/wp-json\/wp\/v2\/pages"}],"about":[{"href":"https:\/\/jamd.it\/en\/wp-json\/wp\/v2\/types\/page"}],"author":[{"embeddable":true,"href":"https:\/\/jamd.it\/en\/wp-json\/wp\/v2\/users\/1"}],"replies":[{"embeddable":true,"href":"https:\/\/jamd.it\/en\/wp-json\/wp\/v2\/comments?post=5135"}],"version-history":[{"count":14,"href":"https:\/\/jamd.it\/en\/wp-json\/wp\/v2\/pages\/5135\/revisions"}],"predecessor-version":[{"id":6354,"href":"https:\/\/jamd.it\/en\/wp-json\/wp\/v2\/pages\/5135\/revisions\/6354"}],"wp:attachment":[{"href":"https:\/\/jamd.it\/en\/wp-json\/wp\/v2\/media?parent=5135"}],"curies":[{"name":"wp","href":"https:\/\/api.w.org\/{rel}","templated":true}]}}