{"id":3,"date":"2023-03-28T15:32:51","date_gmt":"2023-03-28T13:32:51","guid":{"rendered":"http:\/\/localhost\/jamd\/?page_id=3"},"modified":"2023-04-13T17:30:58","modified_gmt":"2023-04-13T15:30:58","slug":"cookie-policy","status":"publish","type":"page","link":"https:\/\/jamd.it\/en\/cookie-policy\/","title":{"rendered":"Cookie policy"},"content":{"rendered":"<div data-elementor-type=\"wp-page\" data-elementor-id=\"3\" class=\"elementor elementor-3\">\n\t\t\t\t\t\t\t\t\t<section class=\"elementor-section elementor-top-section elementor-element elementor-element-7723f50 elementor-section-full_width elementor-section-height-default elementor-section-height-default\" data-id=\"7723f50\" data-element_type=\"section\">\n\t\t\t\t\t\t<div class=\"elementor-container elementor-column-gap-default\">\n\t\t\t\t\t<div class=\"elementor-column elementor-col-25 elementor-top-column elementor-element elementor-element-f1c6433\" data-id=\"f1c6433\" data-element_type=\"column\">\n\t\t\t<div class=\"elementor-widget-wrap\">\n\t\t\t\t\t\t\t\t\t<\/div>\n\t\t<\/div>\n\t\t\t\t<div class=\"elementor-column elementor-col-50 elementor-top-column elementor-element elementor-element-e672353\" data-id=\"e672353\" data-element_type=\"column\">\n\t\t\t<div class=\"elementor-widget-wrap elementor-element-populated\">\n\t\t\t\t\t\t\t\t<div class=\"elementor-element elementor-element-6e95316 elementor-widget elementor-widget-heading\" data-id=\"6e95316\" data-element_type=\"widget\" data-widget_type=\"heading.default\">\n\t\t\t\t<div class=\"elementor-widget-container\">\n\t\t\t<style>\/*! elementor - v3.13.1 - 09-05-2023 *\/\n.elementor-heading-title{padding:0;margin:0;line-height:1}.elementor-widget-heading .elementor-heading-title[class*=elementor-size-]>a{color:inherit;font-size:inherit;line-height:inherit}.elementor-widget-heading .elementor-heading-title.elementor-size-small{font-size:15px}.elementor-widget-heading .elementor-heading-title.elementor-size-medium{font-size:19px}.elementor-widget-heading .elementor-heading-title.elementor-size-large{font-size:29px}.elementor-widget-heading .elementor-heading-title.elementor-size-xl{font-size:39px}.elementor-widget-heading .elementor-heading-title.elementor-size-xxl{font-size:59px}<\/style><h1 class=\"elementor-heading-title elementor-size-default\">Che cosa sono i cookie<\/h1>\t\t<\/div>\n\t\t\t\t<\/div>\n\t\t\t\t<div class=\"elementor-element elementor-element-1c9d84b elementor-widget elementor-widget-text-editor\" data-id=\"1c9d84b\" data-element_type=\"widget\" data-widget_type=\"text-editor.default\">\n\t\t\t\t<div class=\"elementor-widget-container\">\n\t\t\t<style>\/*! elementor - v3.13.1 - 09-05-2023 *\/\n.elementor-widget-text-editor.elementor-drop-cap-view-stacked .elementor-drop-cap{background-color:#69727d;color:#fff}.elementor-widget-text-editor.elementor-drop-cap-view-framed .elementor-drop-cap{color:#69727d;border:3px solid;background-color:transparent}.elementor-widget-text-editor:not(.elementor-drop-cap-view-default) .elementor-drop-cap{margin-top:8px}.elementor-widget-text-editor:not(.elementor-drop-cap-view-default) .elementor-drop-cap-letter{width:1em;height:1em}.elementor-widget-text-editor .elementor-drop-cap{float:left;text-align:center;line-height:1;font-size:50px}.elementor-widget-text-editor .elementor-drop-cap-letter{display:inline-block}<\/style>\t\t\t\t<p>I cookie sono piccoli file di testo inviati da un web-server \u2013 come il sito internet \u2013 al browser internet dell\u2019utente e da questo rinviati al web-server ad ogni successivo accesso al sito stesso. In altre parole, generalmente i siti web raccolgono piccole quantit\u00e0 di informazioni riguardo l\u2019attivit\u00e0 dell\u2019utente sul sito nel quale egli naviga. Tali informazioni sono appunto racchiuse in quel file di testo conosciuto come \u201ccookie\u201d, memorizzato sul personal computer dell\u2019utente.<\/p><p>Al fine di garantire la migliore navigazione possibile, i website offrono le migliori prestazioni con i cookie abilitati. Grazie ai cookie il sito si \u201cricorda\u201d dell\u2019utente quando egli torna sul quel website, riesce a identificare e risolvere errori, fornendo una navigazione pi\u00f9 veloce e specifica. Dati supplementari, di carattere personale e indipendenti dai cookie, possono essere memorizzati solo tramite un consenso esplicito dell\u2019utente \u2013 come, ad esempio, quando ci si registra a un sito per frequentare un corso di formazione a distanza compilando l\u2019apposito modulo di registrazione \u2013, le cui informazioni personali sono necessarie per completare le procedure amministrative previste dalle vigenti normative.<\/p><p>I cookie non possono causare danni al computer dell\u2019utente; inoltre, Infomedica, in qualit\u00e0 di gestore di questo sito, seleziona molto accuratamente tutti i fornitori di terze parti che possono impostare cookie per scopi di marketing.<\/p><p>All\u2019interno di questo sito internet, dunque, Infomedica, non utilizza cookie con finalit\u00e0 di profilazione del visitatore, ma cookie di natura tecnica al solo fine di memorizzare le informazioni necessarie a migliorare la navigazione all\u2019interno del sito e a ricavare statistiche anonime sugli accessi al sito. Tali dati vengono trattati in forma anonima, aggregata, non persistente e non vengono utilizzati per l\u2019invio di pubblicit\u00e0 personalizzata.<\/p><p>L\u2019impiego dei cookie \u00e8 disattivabile in qualsiasi momento seguendo le impostazioni del browser, il quale consente, altres\u00ec, di procedere alla loro cancellazione dopo ogni sessione.<\/p><p>Se i cookie venissero ritenuti utili in altri casi oltre quelli sopra esposti, la finalit\u00e0 del loro impiego verr\u00e0 di volta in volta comunicata e, se del caso, esplicitamente autorizzata dal visitatore.<\/p>\t\t\t\t\t\t<\/div>\n\t\t\t\t<\/div>\n\t\t\t\t<div class=\"elementor-element elementor-element-26241f5 elementor-widget-divider--view-line elementor-widget elementor-widget-divider\" data-id=\"26241f5\" data-element_type=\"widget\" data-widget_type=\"divider.default\">\n\t\t\t\t<div class=\"elementor-widget-container\">\n\t\t\t<style>\/*! elementor - v3.13.1 - 09-05-2023 *\/\n.elementor-widget-divider{--divider-border-style:none;--divider-border-width:1px;--divider-color:#0c0d0e;--divider-icon-size:20px;--divider-element-spacing:10px;--divider-pattern-height:24px;--divider-pattern-size:20px;--divider-pattern-url:none;--divider-pattern-repeat:repeat-x}.elementor-widget-divider .elementor-divider{display:flex}.elementor-widget-divider .elementor-divider__text{font-size:15px;line-height:1;max-width:95%}.elementor-widget-divider .elementor-divider__element{margin:0 var(--divider-element-spacing);flex-shrink:0}.elementor-widget-divider .elementor-icon{font-size:var(--divider-icon-size)}.elementor-widget-divider .elementor-divider-separator{display:flex;margin:0;direction:ltr}.elementor-widget-divider--view-line_icon .elementor-divider-separator,.elementor-widget-divider--view-line_text .elementor-divider-separator{align-items:center}.elementor-widget-divider--view-line_icon .elementor-divider-separator:after,.elementor-widget-divider--view-line_icon .elementor-divider-separator:before,.elementor-widget-divider--view-line_text .elementor-divider-separator:after,.elementor-widget-divider--view-line_text .elementor-divider-separator:before{display:block;content:\"\";border-bottom:0;flex-grow:1;border-top:var(--divider-border-width) var(--divider-border-style) var(--divider-color)}.elementor-widget-divider--element-align-left .elementor-divider .elementor-divider-separator>.elementor-divider__svg:first-of-type{flex-grow:0;flex-shrink:100}.elementor-widget-divider--element-align-left .elementor-divider-separator:before{content:none}.elementor-widget-divider--element-align-left .elementor-divider__element{margin-left:0}.elementor-widget-divider--element-align-right .elementor-divider .elementor-divider-separator>.elementor-divider__svg:last-of-type{flex-grow:0;flex-shrink:100}.elementor-widget-divider--element-align-right .elementor-divider-separator:after{content:none}.elementor-widget-divider--element-align-right .elementor-divider__element{margin-right:0}.elementor-widget-divider:not(.elementor-widget-divider--view-line_text):not(.elementor-widget-divider--view-line_icon) .elementor-divider-separator{border-top:var(--divider-border-width) var(--divider-border-style) var(--divider-color)}.elementor-widget-divider--separator-type-pattern{--divider-border-style:none}.elementor-widget-divider--separator-type-pattern.elementor-widget-divider--view-line .elementor-divider-separator,.elementor-widget-divider--separator-type-pattern:not(.elementor-widget-divider--view-line) .elementor-divider-separator:after,.elementor-widget-divider--separator-type-pattern:not(.elementor-widget-divider--view-line) .elementor-divider-separator:before,.elementor-widget-divider--separator-type-pattern:not([class*=elementor-widget-divider--view]) .elementor-divider-separator{width:100%;min-height:var(--divider-pattern-height);-webkit-mask-size:var(--divider-pattern-size) 100%;mask-size:var(--divider-pattern-size) 100%;-webkit-mask-repeat:var(--divider-pattern-repeat);mask-repeat:var(--divider-pattern-repeat);background-color:var(--divider-color);-webkit-mask-image:var(--divider-pattern-url);mask-image:var(--divider-pattern-url)}.elementor-widget-divider--no-spacing{--divider-pattern-size:auto}.elementor-widget-divider--bg-round{--divider-pattern-repeat:round}.rtl .elementor-widget-divider .elementor-divider__text{direction:rtl}.e-con-inner>.elementor-widget-divider,.e-con>.elementor-widget-divider{width:var(--container-widget-width,100%);--flex-grow:var(--container-widget-flex-grow)}<\/style>\t\t<div class=\"elementor-divider\">\n\t\t\t<span class=\"elementor-divider-separator\">\n\t\t\t\t\t\t<\/span>\n\t\t<\/div>\n\t\t\t\t<\/div>\n\t\t\t\t<\/div>\n\t\t\t\t<div class=\"elementor-element elementor-element-e323edc elementor-widget elementor-widget-heading\" data-id=\"e323edc\" data-element_type=\"widget\" data-widget_type=\"heading.default\">\n\t\t\t\t<div class=\"elementor-widget-container\">\n\t\t\t<h2 class=\"elementor-heading-title elementor-size-default\">Impostazioni dei cookie<\/h2>\t\t<\/div>\n\t\t\t\t<\/div>\n\t\t\t\t<div class=\"elementor-element elementor-element-7c0e939 elementor-widget elementor-widget-text-editor\" data-id=\"7c0e939\" data-element_type=\"widget\" data-widget_type=\"text-editor.default\">\n\t\t\t\t<div class=\"elementor-widget-container\">\n\t\t\t\t\t\t\t<p>L\u2019utente pu\u00f2 decidere di permettere o meno l\u2019impostazione dei cookie sul proprio computer, ma questo sito web funziona in modo ottimale con tutte le tipologie di cookie abilitate. Le impostazioni riguardanti i cookie possono essere controllate e modificate dalle \u201cPreferenze\u201d del proprio browser.<\/p><p>Cliccando qui sotto, in funzione del browser che si sta utilizzando, si avranno informazioni su come modificare le impostazioni dei cookie sul proprio pc, fermo restando che ciascun browser \u2013 e spesso diverse versioni dello stesso browser \u2013 differiscono anche sensibilmente le une dalle altre:<\/p><p>\u00a0<\/p>\t\t\t\t\t\t<\/div>\n\t\t\t\t<\/div>\n\t\t\t\t<div class=\"elementor-element elementor-element-650b496 elementor-widget elementor-widget-text-editor\" data-id=\"650b496\" data-element_type=\"widget\" data-widget_type=\"text-editor.default\">\n\t\t\t\t<div class=\"elementor-widget-container\">\n\t\t\t\t\t\t\t<ul><li><a href=\"https:\/\/support.google.com\/chrome\/answer\/95647?hl=it&amp;topic=14666&amp;ctx=topic\" target=\"_blank\" rel=\"noopener\">Chrome<\/a><\/li><li><a href=\"https:\/\/support.mozilla.org\/it\/kb\/protezione-antitracciamento-avanzata-firefox-desktop?redirectslug=Attivare+e+disattivare+i+cookie&amp;redirectlocale=it\" target=\"_blank\" rel=\"noopener\">Firefox<\/a><\/li><li><a href=\"https:\/\/support.microsoft.com\/it-it\/microsoft-edge\/eliminare-i-cookie-in-microsoft-edge-63947406-40ac-c3b8-57b9-2a946a29ae09\" target=\"_blank\" rel=\"noopener\">Microsoft Edge<\/a><\/li><li><a href=\"https:\/\/security.opera.com\/\" target=\"_blank\" rel=\"noopener\">Opera<\/a><\/li><li><a href=\"https:\/\/support.apple.com\/it-it\" target=\"_blank\" rel=\"noopener\">Safari<\/a><\/li><\/ul>\t\t\t\t\t\t<\/div>\n\t\t\t\t<\/div>\n\t\t\t\t<div class=\"elementor-element elementor-element-2c0269a elementor-widget elementor-widget-text-editor\" data-id=\"2c0269a\" data-element_type=\"widget\" data-widget_type=\"text-editor.default\">\n\t\t\t\t<div class=\"elementor-widget-container\">\n\t\t\t\t\t\t\t<p>Un\u2019ulteriore panoramica delle modalit\u00e0 di gestione dei cookie per browser pi\u00f9 comuni pu\u00f2 essere <a href=\"https:\/\/cookiepedia.co.uk\/how-to-manage-cookies\" target=\"_blank\" rel=\"noopener\">visualizzata qui<\/a>.<\/p><p>Nel caso in cui si abbiano dubbi o preoccupazioni in merito all\u2019utilizzo dei cookie \u00e8 sempre possibile, come su ricordato, intervenire per impedirne l\u2019impostazione e la lettura, ad esempio modificando le impostazioni sulla privacy all\u2019interno del proprio browser al fine di bloccarne determinati tipi. Si ricorda peraltro che disattivare i cookie potrebbe comportare la disabilitazione di alcune funzionalit\u00e0 del sito. Peraltro, anche con tutti i cookie disabilitati il proprio browser continuer\u00e0 a memorizzare una piccola quantit\u00e0 di informazioni: necessarie per le funzionalit\u00e0 di base del sito.<\/p>\t\t\t\t\t\t<\/div>\n\t\t\t\t<\/div>\n\t\t\t\t<div class=\"elementor-element elementor-element-293573d elementor-widget-divider--view-line elementor-widget elementor-widget-divider\" data-id=\"293573d\" data-element_type=\"widget\" data-widget_type=\"divider.default\">\n\t\t\t\t<div class=\"elementor-widget-container\">\n\t\t\t\t\t<div class=\"elementor-divider\">\n\t\t\t<span class=\"elementor-divider-separator\">\n\t\t\t\t\t\t<\/span>\n\t\t<\/div>\n\t\t\t\t<\/div>\n\t\t\t\t<\/div>\n\t\t\t\t<div class=\"elementor-element elementor-element-f50352c elementor-widget elementor-widget-heading\" data-id=\"f50352c\" data-element_type=\"widget\" data-widget_type=\"heading.default\">\n\t\t\t\t<div class=\"elementor-widget-container\">\n\t\t\t<h2 class=\"elementor-heading-title elementor-size-default\">Cookie esenti dall\u2019obbligo di consenso<\/h2>\t\t<\/div>\n\t\t\t\t<\/div>\n\t\t\t\t<div class=\"elementor-element elementor-element-a73ceff elementor-widget elementor-widget-text-editor\" data-id=\"a73ceff\" data-element_type=\"widget\" data-widget_type=\"text-editor.default\">\n\t\t\t\t<div class=\"elementor-widget-container\">\n\t\t\t\t\t\t\t<p>Ricordiamo che alcuni cookie sono esenti dall\u2019obbligo di consenso e dunque non sono soggetti a un blocco preventivo. In particolare:<\/p>\t\t\t\t\t\t<\/div>\n\t\t\t\t<\/div>\n\t\t\t\t<div class=\"elementor-element elementor-element-8aa0176 elementor-widget elementor-widget-text-editor\" data-id=\"8aa0176\" data-element_type=\"widget\" data-widget_type=\"text-editor.default\">\n\t\t\t\t<div class=\"elementor-widget-container\">\n\t\t\t\t\t\t\t<ul><li>i <em>cookie tecnici<\/em>, ossia quelli strettamente necessari all\u2019erogazione del servizio. Fra questi i cookie di preferenza, sessione, load balancing ecc.<\/li><li>i <em>cookie di statistica<\/em> gestiti direttamente dal titolare, ad esempio tramite software specifico.<\/li><\/ul>\t\t\t\t\t\t<\/div>\n\t\t\t\t<\/div>\n\t\t\t\t<div class=\"elementor-element elementor-element-590e86d elementor-widget elementor-widget-text-editor\" data-id=\"590e86d\" data-element_type=\"widget\" data-widget_type=\"text-editor.default\">\n\t\t\t\t<div class=\"elementor-widget-container\">\n\t\t\t\t\t\t\t<p>Ancora in fase di discussione sono i cookie statistici di terze parti (es. Google Analytics), qualora i dati vengano anonimizzati prima di essere salvati dal servizio terzo.<\/p>\t\t\t\t\t\t<\/div>\n\t\t\t\t<\/div>\n\t\t\t\t<div class=\"elementor-element elementor-element-27aff72 elementor-widget-divider--view-line elementor-widget elementor-widget-divider\" data-id=\"27aff72\" data-element_type=\"widget\" data-widget_type=\"divider.default\">\n\t\t\t\t<div class=\"elementor-widget-container\">\n\t\t\t\t\t<div class=\"elementor-divider\">\n\t\t\t<span class=\"elementor-divider-separator\">\n\t\t\t\t\t\t<\/span>\n\t\t<\/div>\n\t\t\t\t<\/div>\n\t\t\t\t<\/div>\n\t\t\t\t<div class=\"elementor-element elementor-element-fb02364 elementor-widget elementor-widget-heading\" data-id=\"fb02364\" data-element_type=\"widget\" data-widget_type=\"heading.default\">\n\t\t\t\t<div class=\"elementor-widget-container\">\n\t\t\t<h2 class=\"elementor-heading-title elementor-size-default\">Titolari del trattamento dei dati<\/h2>\t\t<\/div>\n\t\t\t\t<\/div>\n\t\t\t\t<div class=\"elementor-element elementor-element-b487b23 elementor-widget elementor-widget-text-editor\" data-id=\"b487b23\" data-element_type=\"widget\" data-widget_type=\"text-editor.default\">\n\t\t\t\t<div class=\"elementor-widget-container\">\n\t\t\t\t\t\t\t<p>Gestore di questo sito \u00e8 Infomedica srl, via San Quintino 36, 10121 Torino, alla quale ci si pu\u00f2 rivolgere per le informazioni del caso.<\/p>\t\t\t\t\t\t<\/div>\n\t\t\t\t<\/div>\n\t\t\t\t<div class=\"elementor-element elementor-element-d0ff602 elementor-widget-divider--view-line elementor-widget elementor-widget-divider\" data-id=\"d0ff602\" data-element_type=\"widget\" data-widget_type=\"divider.default\">\n\t\t\t\t<div class=\"elementor-widget-container\">\n\t\t\t\t\t<div class=\"elementor-divider\">\n\t\t\t<span class=\"elementor-divider-separator\">\n\t\t\t\t\t\t<\/span>\n\t\t<\/div>\n\t\t\t\t<\/div>\n\t\t\t\t<\/div>\n\t\t\t\t<div class=\"elementor-element elementor-element-0787a0a elementor-widget elementor-widget-heading\" data-id=\"0787a0a\" data-element_type=\"widget\" data-widget_type=\"heading.default\">\n\t\t\t\t<div class=\"elementor-widget-container\">\n\t\t\t<h2 class=\"elementor-heading-title elementor-size-default\">Accettazione e rinuncia dei cookie<\/h2>\t\t<\/div>\n\t\t\t\t<\/div>\n\t\t\t\t<div class=\"elementor-element elementor-element-a21f600 elementor-widget elementor-widget-text-editor\" data-id=\"a21f600\" data-element_type=\"widget\" data-widget_type=\"text-editor.default\">\n\t\t\t\t<div class=\"elementor-widget-container\">\n\t\t\t\t\t\t\t<p>Proseguendo nella navigazione su questo sito chiudendo la fascetta informativa o facendo click in una qualsiasi parte della pagina o scorrendola per evidenziare ulteriore contenuto, si accetta la presente policy di Infomedica dedicata ai cookie e gli stessi verranno impostati e raccolti secondo le modalit\u00e0 su indicate. In caso di mancata accettazione dei cookie mediante abbandono della navigazione, eventuali cookie gi\u00e0 registrati localmente nel proprio browser rimarranno ivi registrati ma non saranno pi\u00f9 letti n\u00e9 utilizzati da Infomedica sino a una successiva ed eventuale accettazione della relativa policy. L\u2019utente avr\u00e0 sempre la possibilit\u00e0 di rimuovere tali cookie in qualsiasi momento attraverso le modalit\u00e0 di cui sopra.<\/p>\t\t\t\t\t\t<\/div>\n\t\t\t\t<\/div>\n\t\t\t\t<div class=\"elementor-element elementor-element-dee5988 elementor-widget-divider--view-line elementor-widget elementor-widget-divider\" data-id=\"dee5988\" data-element_type=\"widget\" data-widget_type=\"divider.default\">\n\t\t\t\t<div class=\"elementor-widget-container\">\n\t\t\t\t\t<div class=\"elementor-divider\">\n\t\t\t<span class=\"elementor-divider-separator\">\n\t\t\t\t\t\t<\/span>\n\t\t<\/div>\n\t\t\t\t<\/div>\n\t\t\t\t<\/div>\n\t\t\t\t<div class=\"elementor-element elementor-element-fe12756 elementor-widget elementor-widget-heading\" data-id=\"fe12756\" data-element_type=\"widget\" data-widget_type=\"heading.default\">\n\t\t\t\t<div class=\"elementor-widget-container\">\n\t\t\t<h2 class=\"elementor-heading-title elementor-size-default\">Accettazione e rinuncia al consenso per il trattamento dei dati<\/h2>\t\t<\/div>\n\t\t\t\t<\/div>\n\t\t\t\t<div class=\"elementor-element elementor-element-81d634d elementor-widget elementor-widget-text-editor\" data-id=\"81d634d\" data-element_type=\"widget\" data-widget_type=\"text-editor.default\">\n\t\t\t\t<div class=\"elementor-widget-container\">\n\t\t\t\t\t\t\t<p>L\u2019elenco aggiornato dei responsabili del Trattamento dati di cui alla presente informativa \u00e8 consultabile presso la Sede legale di Infomedica srl, in via San Quintino 36 \u2013 10121 Torino; l\u2019esercizio dei diritti di cui all\u2019art. 7 del D.Lgs 196\/03 potr\u00e0 effettuarsi attraverso specifica comunicazione a mezzo posta indirizzata a Infomedica, o attraverso la casella di posta elettronica: info@infomedica.com, indicando nell\u2019oggetto: \u201cRinuncia dei cookie\u201d.<\/p>\t\t\t\t\t\t<\/div>\n\t\t\t\t<\/div>\n\t\t\t\t\t<\/div>\n\t\t<\/div>\n\t\t\t\t<div class=\"elementor-column elementor-col-25 elementor-top-column elementor-element elementor-element-34fea45\" data-id=\"34fea45\" data-element_type=\"column\">\n\t\t\t<div class=\"elementor-widget-wrap\">\n\t\t\t\t\t\t\t\t\t<\/div>\n\t\t<\/div>\n\t\t\t\t\t\t\t<\/div>\n\t\t<\/section>\n\t\t\t\t\t\t\t<\/div>","protected":false},"excerpt":{"rendered":"<p>Che cosa sono i cookie I cookie sono piccoli file&#8230;<\/p>","protected":false},"author":1,"featured_media":0,"parent":0,"menu_order":0,"comment_status":"closed","ping_status":"open","template":"elementor_header_footer","meta":{"footnotes":""},"class_list":["post-3","page","type-page","status-publish","hentry"],"acf":[],"_links":{"self":[{"href":"https:\/\/jamd.it\/en\/wp-json\/wp\/v2\/pages\/3","targetHints":{"allow":["GET"]}}],"collection":[{"href":"https:\/\/jamd.it\/en\/wp-json\/wp\/v2\/pages"}],"about":[{"href":"https:\/\/jamd.it\/en\/wp-json\/wp\/v2\/types\/page"}],"author":[{"embeddable":true,"href":"https:\/\/jamd.it\/en\/wp-json\/wp\/v2\/users\/1"}],"replies":[{"embeddable":true,"href":"https:\/\/jamd.it\/en\/wp-json\/wp\/v2\/comments?post=3"}],"version-history":[{"count":50,"href":"https:\/\/jamd.it\/en\/wp-json\/wp\/v2\/pages\/3\/revisions"}],"predecessor-version":[{"id":5154,"href":"https:\/\/jamd.it\/en\/wp-json\/wp\/v2\/pages\/3\/revisions\/5154"}],"wp:attachment":[{"href":"https:\/\/jamd.it\/en\/wp-json\/wp\/v2\/media?parent=3"}],"curies":[{"name":"wp","href":"https:\/\/api.w.org\/{rel}","templated":true}]}}